{"id":9,"date":"2025-10-10T09:51:56","date_gmt":"2025-10-10T09:51:56","guid":{"rendered":"https:\/\/lichterkraft-steffi.de\/?page_id=9"},"modified":"2025-10-14T14:19:33","modified_gmt":"2025-10-14T14:19:33","slug":"startseite","status":"publish","type":"page","link":"https:\/\/lichterkraft-steffi.de\/","title":{"rendered":"Startseite"},"content":{"rendered":"\n<h2 class=\"wp-block-heading\">Aktuelles<\/h2>\n\n\n\n<p>\ud83c\udf3f<strong>Body &amp; Soul Reset \u2013 F\u00fcr Leichtigkeit und innere Balance<\/strong><\/p>\n\n\n\n<p>Sp\u00fcrst du Verspannungen im R\u00fccken, Nacken oder Kiefer \u2013 und gleichzeitig das Gef\u00fchl, st\u00e4ndig funktionieren zu m\u00fcssen?<br>In dieser 90-min\u00fctigen ganzheitlichen Einzelsitzung l\u00f6sen wir k\u00f6rperliche und energetische Blockaden, die dich festhalten.<\/p>\n\n\n\n<p>Mit gezielter K\u00f6rperarbeit (Physiotherapie, Faszienl\u00f6sung, manuelle Techniken) und tiefgreifender Energiearbeit (Theta Healing &amp; Reiki) bringe ich deinen K\u00f6rper und dein Energiesystem wieder in Balance.<\/p>\n\n\n\n<p>Du darfst loslassen \u2013 k\u00f6rperlich, emotional, energetisch.<\/p>\n\n\n\n<p>\u2728 Nach der Sitzung f\u00fchlst du dich <strong>leicht, locker und entspannt<\/strong> \u2013 verbunden mit deinem K\u00f6rper und deiner inneren Ruhe.<\/p>\n\n\n\n<p><strong>Dauer:<\/strong> 90 Minuten<br><strong>Investition:<\/strong> offline 119 \u20ac, online 99 \u20ac<br><strong>Ort:<\/strong> in meiner Praxis oder online \u00fcber Zoom<\/p>\n\n\n\n<div class=\"wp-block-columns is-layout-flex wp-container-core-columns-is-layout-28f84493 wp-block-columns-is-layout-flex\">\n<div class=\"wp-block-column is-layout-flow wp-block-column-is-layout-flow\">\n<p><\/p>\n\n\n\n<div class=\"wp-block-buttons is-content-justification-center is-layout-flex wp-container-core-buttons-is-layout-a89b3969 wp-block-buttons-is-layout-flex\">\n<div class=\"wp-block-button is-style-fill\"><a class=\"wp-block-button__link wp-element-button\" href=\"https:\/\/lichterkraft-steffi.de\/index.php\/contact\/\">Jetzt anfragen<\/a><\/div>\n<\/div>\n<\/div>\n<\/div>\n\n\n\n<p><\/p>\n\n\n\n<p><\/p>\n\n\n\n<div class=\"wp-block-columns is-layout-flex wp-container-core-columns-is-layout-28f84493 wp-block-columns-is-layout-flex\">\n<div class=\"wp-block-column is-layout-flow wp-block-column-is-layout-flow\">\n<div class=\"wp-block-cover\" style=\"min-height:200px;aspect-ratio:unset;\"><img loading=\"lazy\" decoding=\"async\" width=\"612\" height=\"459\" class=\"wp-block-cover__image-background wp-image-6985\" alt=\"\" src=\"https:\/\/lichterkraft-steffi.de\/wp-content\/uploads\/2025\/10\/istockphoto-1822247032-612x612-1.jpg\" data-object-fit=\"cover\" srcset=\"https:\/\/lichterkraft-steffi.de\/wp-content\/uploads\/2025\/10\/istockphoto-1822247032-612x612-1.jpg 612w, https:\/\/lichterkraft-steffi.de\/wp-content\/uploads\/2025\/10\/istockphoto-1822247032-612x612-1-300x225.jpg 300w\" sizes=\"auto, (max-width: 612px) 100vw, 612px\" \/><span aria-hidden=\"true\" class=\"wp-block-cover__background has-background-dim\"><\/span><div class=\"wp-block-cover__inner-container is-layout-flow wp-block-cover-is-layout-flow\">\n<div class=\"wp-block-buttons is-content-justification-center is-layout-flex wp-container-core-buttons-is-layout-a89b3969 wp-block-buttons-is-layout-flex\">\n<div class=\"wp-block-button is-style-outline is-style-outline--1\"><a class=\"wp-block-button__link wp-element-button\" href=\"https:\/\/lichterkraft-steffi.de\/index.php\/mentoring\/\">Mentoring<\/a><\/div>\n<\/div>\n<\/div><\/div>\n\n\n\n<div class=\"wp-block-cover\" style=\"min-height:200px;aspect-ratio:unset;\"><img loading=\"lazy\" decoding=\"async\" width=\"1024\" height=\"683\" class=\"wp-block-cover__image-background wp-image-7019 size-large\" alt=\"\" src=\"https:\/\/lichterkraft-steffi.de\/wp-content\/uploads\/2025\/10\/pexels-arina-krasnikova-6998227-1024x683.jpg\" data-object-fit=\"cover\" srcset=\"https:\/\/lichterkraft-steffi.de\/wp-content\/uploads\/2025\/10\/pexels-arina-krasnikova-6998227-1024x683.jpg 1024w, https:\/\/lichterkraft-steffi.de\/wp-content\/uploads\/2025\/10\/pexels-arina-krasnikova-6998227-300x200.jpg 300w, https:\/\/lichterkraft-steffi.de\/wp-content\/uploads\/2025\/10\/pexels-arina-krasnikova-6998227-2000x1335.jpg 2000w\" sizes=\"auto, (max-width: 1024px) 100vw, 1024px\" \/><span aria-hidden=\"true\" class=\"wp-block-cover__background has-background-dim\" style=\"background-color:#716e69\"><\/span><div class=\"wp-block-cover__inner-container is-layout-flow wp-block-cover-is-layout-flow\">\n<div class=\"wp-block-buttons is-content-justification-center is-layout-flex wp-container-core-buttons-is-layout-a89b3969 wp-block-buttons-is-layout-flex\">\n<div class=\"wp-block-button is-style-outline is-style-outline--2\"><a class=\"wp-block-button__link wp-element-button\" href=\"https:\/\/lichterkraft-steffi.de\/index.php\/energetische-wirbelsaeulenaufrichtung\/\">energetische Wirbels\u00e4ulenaufrichtung<\/a><\/div>\n<\/div>\n<\/div><\/div>\n<\/div>\n\n\n\n<div class=\"wp-block-column is-layout-flow wp-block-column-is-layout-flow\">\n<div class=\"wp-block-cover is-light\" style=\"min-height:200px;aspect-ratio:unset;\"><img loading=\"lazy\" decoding=\"async\" width=\"1024\" height=\"682\" class=\"wp-block-cover__image-background wp-image-7041 size-large\" alt=\"\" src=\"https:\/\/lichterkraft-steffi.de\/wp-content\/uploads\/2025\/10\/wellness-285590_1280-1024x682.jpg\" data-object-fit=\"cover\" srcset=\"https:\/\/lichterkraft-steffi.de\/wp-content\/uploads\/2025\/10\/wellness-285590_1280-1024x682.jpg 1024w, https:\/\/lichterkraft-steffi.de\/wp-content\/uploads\/2025\/10\/wellness-285590_1280-300x200.jpg 300w, https:\/\/lichterkraft-steffi.de\/wp-content\/uploads\/2025\/10\/wellness-285590_1280.jpg 1280w\" sizes=\"auto, (max-width: 1024px) 100vw, 1024px\" \/><span aria-hidden=\"true\" class=\"wp-block-cover__background has-background-dim\" style=\"background-color:#dabfb0\"><\/span><div class=\"wp-block-cover__inner-container is-layout-flow wp-block-cover-is-layout-flow\">\n<div class=\"wp-block-buttons is-content-justification-center is-layout-flex wp-container-core-buttons-is-layout-a89b3969 wp-block-buttons-is-layout-flex\">\n<div class=\"wp-block-button is-style-outline is-style-outline--3\"><a class=\"wp-block-button__link wp-element-button\" href=\"https:\/\/lichterkraft-steffi.de\/index.php\/reiki\/\">Reiki<\/a><\/div>\n<\/div>\n<\/div><\/div>\n\n\n\n<div class=\"wp-block-cover is-light\" style=\"min-height:200px;aspect-ratio:unset;\"><img loading=\"lazy\" decoding=\"async\" width=\"1024\" height=\"683\" class=\"wp-block-cover__image-background wp-image-7030 size-large\" alt=\"\" src=\"https:\/\/lichterkraft-steffi.de\/wp-content\/uploads\/2025\/10\/pexels-karolina-grabowska-4506166-1024x683.jpg\" data-object-fit=\"cover\" srcset=\"https:\/\/lichterkraft-steffi.de\/wp-content\/uploads\/2025\/10\/pexels-karolina-grabowska-4506166-1024x683.jpg 1024w, https:\/\/lichterkraft-steffi.de\/wp-content\/uploads\/2025\/10\/pexels-karolina-grabowska-4506166-300x200.jpg 300w, https:\/\/lichterkraft-steffi.de\/wp-content\/uploads\/2025\/10\/pexels-karolina-grabowska-4506166-2000x1333.jpg 2000w\" sizes=\"auto, (max-width: 1024px) 100vw, 1024px\" \/><span aria-hidden=\"true\" class=\"wp-block-cover__background has-background-dim\" style=\"background-color:#999c98\"><\/span><div class=\"wp-block-cover__inner-container is-layout-flow wp-block-cover-is-layout-flow\">\n<div class=\"wp-block-buttons is-content-justification-center is-layout-flex wp-container-core-buttons-is-layout-a89b3969 wp-block-buttons-is-layout-flex\">\n<div class=\"wp-block-button is-style-outline is-style-outline--4\"><a class=\"wp-block-button__link wp-element-button\" href=\"https:\/\/lichterkraft-steffi.de\/index.php\/therapie\/\">Therapie<\/a><\/div>\n<\/div>\n<\/div><\/div>\n<\/div>\n\n\n\n<div class=\"wp-block-column is-layout-flow wp-block-column-is-layout-flow\">\n<div class=\"wp-block-cover\" style=\"min-height:200px;aspect-ratio:unset;\"><img loading=\"lazy\" decoding=\"async\" width=\"1024\" height=\"682\" class=\"wp-block-cover__image-background wp-image-7014 size-large\" alt=\"\" src=\"https:\/\/lichterkraft-steffi.de\/wp-content\/uploads\/2025\/10\/god-7114913_1280-1024x682.jpg\" data-object-fit=\"cover\" srcset=\"https:\/\/lichterkraft-steffi.de\/wp-content\/uploads\/2025\/10\/god-7114913_1280-1024x682.jpg 1024w, https:\/\/lichterkraft-steffi.de\/wp-content\/uploads\/2025\/10\/god-7114913_1280-300x200.jpg 300w, https:\/\/lichterkraft-steffi.de\/wp-content\/uploads\/2025\/10\/god-7114913_1280.jpg 1280w\" sizes=\"auto, (max-width: 1024px) 100vw, 1024px\" \/><span aria-hidden=\"true\" class=\"wp-block-cover__background has-background-dim\" style=\"background-color:#835274\"><\/span><div class=\"wp-block-cover__inner-container is-layout-flow wp-block-cover-is-layout-flow\">\n<div class=\"wp-block-buttons is-content-justification-center is-layout-flex wp-container-core-buttons-is-layout-a89b3969 wp-block-buttons-is-layout-flex\">\n<div class=\"wp-block-button is-style-outline is-style-outline--5\"><a class=\"wp-block-button__link wp-element-button\" href=\"https:\/\/lichterkraft-steffi.de\/index.php\/theta-healing\/\">Theta Healing\u00ae<\/a><\/div>\n<\/div>\n<\/div><\/div>\n\n\n\n<div class=\"wp-block-cover\" style=\"min-height:200px;aspect-ratio:unset;\"><img loading=\"lazy\" decoding=\"async\" width=\"1024\" height=\"682\" class=\"wp-block-cover__image-background wp-image-7042 size-large\" alt=\"\" src=\"https:\/\/lichterkraft-steffi.de\/wp-content\/uploads\/2025\/10\/wellness-3715861_1280-1024x682.jpg\" data-object-fit=\"cover\" srcset=\"https:\/\/lichterkraft-steffi.de\/wp-content\/uploads\/2025\/10\/wellness-3715861_1280-1024x682.jpg 1024w, https:\/\/lichterkraft-steffi.de\/wp-content\/uploads\/2025\/10\/wellness-3715861_1280-300x200.jpg 300w, https:\/\/lichterkraft-steffi.de\/wp-content\/uploads\/2025\/10\/wellness-3715861_1280.jpg 1280w\" sizes=\"auto, (max-width: 1024px) 100vw, 1024px\" \/><span aria-hidden=\"true\" class=\"wp-block-cover__background has-background-dim\" style=\"background-color:#7e6042\"><\/span><div class=\"wp-block-cover__inner-container is-layout-flow wp-block-cover-is-layout-flow\">\n<div class=\"wp-block-buttons is-content-justification-center is-layout-flex wp-container-core-buttons-is-layout-a89b3969 wp-block-buttons-is-layout-flex\">\n<div class=\"wp-block-button is-style-outline is-style-outline--6\"><a class=\"wp-block-button__link wp-element-button\" href=\"https:\/\/lichterkraft-steffi.de\/index.php\/massage\/\">Wellness<\/a><\/div>\n<\/div>\n<\/div><\/div>\n<\/div>\n<\/div>\n","protected":false},"excerpt":{"rendered":"<p>Aktuelles \ud83c\udf3fBody &amp; Soul Reset \u2013 F\u00fcr Leichtigkeit und innere Balance Sp\u00fcrst du Verspannungen im R\u00fccken, Nacken oder Kiefer \u2013 und gleichzeitig das Gef\u00fchl, st\u00e4ndig funktionieren zu m\u00fcssen?In dieser 90-min\u00fctigen ganzheitlichen Einzelsitzung l\u00f6sen wir k\u00f6rperliche und energetische Blockaden, die dich festhalten. Mit gezielter K\u00f6rperarbeit (Physiotherapie, Faszienl\u00f6sung, manuelle Techniken) und tiefgreifender Energiearbeit (Theta Healing &amp; Reiki) &hellip; <\/p>\n<p class=\"link-more\"><a href=\"https:\/\/lichterkraft-steffi.de\/\" class=\"more-link\">Mehr <span class=\"screen-reader-text\">\u00fcber &#8222;Startseite&#8220; <\/span>Lesen<\/a><\/p>\n","protected":false},"author":1,"featured_media":0,"parent":0,"menu_order":0,"comment_status":"closed","ping_status":"closed","template":"","meta":{"footnotes":""},"class_list":["post-9","page","type-page","status-publish","hentry"],"featured_media_urls":[],"_links":{"self":[{"href":"https:\/\/lichterkraft-steffi.de\/index.php\/wp-json\/wp\/v2\/pages\/9","targetHints":{"allow":["GET"]}}],"collection":[{"href":"https:\/\/lichterkraft-steffi.de\/index.php\/wp-json\/wp\/v2\/pages"}],"about":[{"href":"https:\/\/lichterkraft-steffi.de\/index.php\/wp-json\/wp\/v2\/types\/page"}],"author":[{"embeddable":true,"href":"https:\/\/lichterkraft-steffi.de\/index.php\/wp-json\/wp\/v2\/users\/1"}],"replies":[{"embeddable":true,"href":"https:\/\/lichterkraft-steffi.de\/index.php\/wp-json\/wp\/v2\/comments?post=9"}],"version-history":[{"count":7,"href":"https:\/\/lichterkraft-steffi.de\/index.php\/wp-json\/wp\/v2\/pages\/9\/revisions"}],"predecessor-version":[{"id":7121,"href":"https:\/\/lichterkraft-steffi.de\/index.php\/wp-json\/wp\/v2\/pages\/9\/revisions\/7121"}],"wp:attachment":[{"href":"https:\/\/lichterkraft-steffi.de\/index.php\/wp-json\/wp\/v2\/media?parent=9"}],"curies":[{"name":"wp","href":"https:\/\/api.w.org\/{rel}","templated":true}]}}