{"id":7115,"date":"2025-10-14T14:11:06","date_gmt":"2025-10-14T14:11:06","guid":{"rendered":"https:\/\/lichterkraft-steffi.de\/?page_id=7115"},"modified":"2025-10-14T14:22:28","modified_gmt":"2025-10-14T14:22:28","slug":"energiearbeit","status":"publish","type":"page","link":"https:\/\/lichterkraft-steffi.de\/index.php\/energiearbeit\/","title":{"rendered":"Energiearbeit"},"content":{"rendered":"\n<div class=\"wp-block-columns is-layout-flex wp-container-core-columns-is-layout-28f84493 wp-block-columns-is-layout-flex\">\n<div class=\"wp-block-column is-layout-flow wp-block-column-is-layout-flow\">\n<h2 class=\"wp-block-heading\"><\/h2>\n\n\n\n<p>Meine Arbeit zielt darauf ab das energetische Gleichgewicht zwischen K\u00f6rper, Geist und Seele wiederherzustellen und zu st\u00e4rken.Sie basiert auf dem Verst\u00e4ndnis, dass alles Leben Energie ist \u2013 auch unsere Gedanken, Gef\u00fchle und k\u00f6rperlichen Empfindungen.<\/p>\n\n\n\n<p>Im Alltag geraten wir oft aus der Balance: Stress, emotionale Belastungen oder alte Muster k\u00f6nnen unseren nat\u00fcrlichen Energiefluss blockieren. Energiearbeit setzt genau dort an. Durch achtsame Ber\u00fchrung, intuitive F\u00fchrung und energetische Techniken wird dein System sanft dabei unterst\u00fctzt, Blockaden zu l\u00f6sen und deine Selbstheilungskr\u00e4fte zu aktivieren.<\/p>\n\n\n\n<p>Diese Arbeit geschieht auf feinstofflicher Ebene \u2013 sp\u00fcrbar, aber oft schwer in Worte zu fassen. Viele Menschen berichten nach einer Sitzung von tiefer Entspannung, innerer Klarheit, Leichtigkeit oder sogar richtungsweisenden Erkenntnissen.<\/p>\n\n\n\n<p>Energiearbeit ist kein Ersatz f\u00fcr medizinische oder psychotherapeutische Behandlungen, aber eine kraftvolle Erg\u00e4nzung auf deinem Weg zu mehr Bewusstsein, Verbindung und innerer St\u00e4rke<\/p>\n<\/div>\n\n\n\n<div class=\"wp-block-column is-layout-flow wp-block-column-is-layout-flow\">\n<figure class=\"wp-block-image size-large is-resized\"><img loading=\"lazy\" decoding=\"async\" width=\"683\" height=\"1024\" src=\"https:\/\/lichterkraft-steffi.de\/wp-content\/uploads\/2025\/10\/pexels-monstera-8140266-683x1024.jpg\" alt=\"\" class=\"wp-image-7119\" style=\"width:501px;height:auto\" srcset=\"https:\/\/lichterkraft-steffi.de\/wp-content\/uploads\/2025\/10\/pexels-monstera-8140266-683x1024.jpg 683w, https:\/\/lichterkraft-steffi.de\/wp-content\/uploads\/2025\/10\/pexels-monstera-8140266-200x300.jpg 200w, https:\/\/lichterkraft-steffi.de\/wp-content\/uploads\/2025\/10\/pexels-monstera-8140266-2000x3000.jpg 2000w, https:\/\/lichterkraft-steffi.de\/wp-content\/uploads\/2025\/10\/pexels-monstera-8140266-scaled.jpg 1707w\" sizes=\"auto, (max-width: 683px) 100vw, 683px\" \/><\/figure>\n<\/div>\n<\/div>\n\n\n\n<p><\/p>\n\n\n\n<div class=\"wp-block-columns is-layout-flex wp-container-core-columns-is-layout-28f84493 wp-block-columns-is-layout-flex\">\n<div class=\"wp-block-column is-layout-flow wp-block-column-is-layout-flow\">\n<div class=\"wp-block-cover\" style=\"min-height:250px;aspect-ratio:unset;\"><img loading=\"lazy\" decoding=\"async\" width=\"1024\" height=\"682\" class=\"wp-block-cover__image-background wp-image-7041\" alt=\"\" src=\"https:\/\/lichterkraft-steffi.de\/wp-content\/uploads\/2025\/10\/wellness-285590_1280-1024x682.jpg\" data-object-fit=\"cover\" srcset=\"https:\/\/lichterkraft-steffi.de\/wp-content\/uploads\/2025\/10\/wellness-285590_1280-1024x682.jpg 1024w, https:\/\/lichterkraft-steffi.de\/wp-content\/uploads\/2025\/10\/wellness-285590_1280-300x200.jpg 300w, https:\/\/lichterkraft-steffi.de\/wp-content\/uploads\/2025\/10\/wellness-285590_1280.jpg 1280w\" sizes=\"auto, (max-width: 1024px) 100vw, 1024px\" \/><span aria-hidden=\"true\" class=\"wp-block-cover__background has-background-dim\"><\/span><div class=\"wp-block-cover__inner-container is-layout-flow wp-block-cover-is-layout-flow\">\n<div class=\"wp-block-buttons is-content-justification-center is-layout-flex wp-container-core-buttons-is-layout-a89b3969 wp-block-buttons-is-layout-flex\">\n<div class=\"wp-block-button is-style-outline is-style-outline--1\"><a class=\"wp-block-button__link wp-element-button\" href=\"https:\/\/lichterkraft-steffi.de\/index.php\/reiki\/\">Reiki<\/a><\/div>\n<\/div>\n<\/div><\/div>\n<\/div>\n\n\n\n<div class=\"wp-block-column is-layout-flow wp-block-column-is-layout-flow\">\n<div class=\"wp-block-cover\" style=\"min-height:250px;aspect-ratio:unset;\"><img loading=\"lazy\" decoding=\"async\" width=\"1024\" height=\"682\" class=\"wp-block-cover__image-background wp-image-7014 size-large\" alt=\"\" src=\"https:\/\/lichterkraft-steffi.de\/wp-content\/uploads\/2025\/10\/god-7114913_1280-1024x682.jpg\" data-object-fit=\"cover\" srcset=\"https:\/\/lichterkraft-steffi.de\/wp-content\/uploads\/2025\/10\/god-7114913_1280-1024x682.jpg 1024w, https:\/\/lichterkraft-steffi.de\/wp-content\/uploads\/2025\/10\/god-7114913_1280-300x200.jpg 300w, https:\/\/lichterkraft-steffi.de\/wp-content\/uploads\/2025\/10\/god-7114913_1280.jpg 1280w\" sizes=\"auto, (max-width: 1024px) 100vw, 1024px\" \/><span aria-hidden=\"true\" class=\"wp-block-cover__background has-background-dim\" style=\"background-color:#835274\"><\/span><div class=\"wp-block-cover__inner-container is-layout-flow wp-block-cover-is-layout-flow\">\n<div class=\"wp-block-buttons is-content-justification-center is-layout-flex wp-container-core-buttons-is-layout-a89b3969 wp-block-buttons-is-layout-flex\">\n<div class=\"wp-block-button is-style-outline is-style-outline--2\"><a class=\"wp-block-button__link wp-element-button\" href=\"https:\/\/lichterkraft-steffi.de\/index.php\/theta-healing\/\">Theta Healing\u00ae<\/a><\/div>\n<\/div>\n<\/div><\/div>\n<\/div>\n\n\n\n<div class=\"wp-block-column is-layout-flow wp-block-column-is-layout-flow\">\n<div class=\"wp-block-cover\" style=\"min-height:250px;aspect-ratio:unset;\"><img loading=\"lazy\" decoding=\"async\" width=\"1024\" height=\"683\" class=\"wp-block-cover__image-background wp-image-7019 size-large\" alt=\"\" src=\"https:\/\/lichterkraft-steffi.de\/wp-content\/uploads\/2025\/10\/pexels-arina-krasnikova-6998227-1024x683.jpg\" data-object-fit=\"cover\" srcset=\"https:\/\/lichterkraft-steffi.de\/wp-content\/uploads\/2025\/10\/pexels-arina-krasnikova-6998227-1024x683.jpg 1024w, https:\/\/lichterkraft-steffi.de\/wp-content\/uploads\/2025\/10\/pexels-arina-krasnikova-6998227-300x200.jpg 300w, https:\/\/lichterkraft-steffi.de\/wp-content\/uploads\/2025\/10\/pexels-arina-krasnikova-6998227-2000x1335.jpg 2000w\" sizes=\"auto, (max-width: 1024px) 100vw, 1024px\" \/><span aria-hidden=\"true\" class=\"wp-block-cover__background has-background-dim\" style=\"background-color:#716e69\"><\/span><div class=\"wp-block-cover__inner-container is-layout-flow wp-block-cover-is-layout-flow\">\n<div class=\"wp-block-buttons is-content-justification-center is-layout-flex wp-container-core-buttons-is-layout-a89b3969 wp-block-buttons-is-layout-flex\">\n<div class=\"wp-block-button is-style-outline is-style-outline--3\"><a class=\"wp-block-button__link wp-element-button\" href=\"https:\/\/lichterkraft-steffi.de\/index.php\/energetische-wirbelsaeulenaufrichtung\/\">energetische Wirbels\u00e4ulenaufrichtung<\/a><\/div>\n<\/div>\n<\/div><\/div>\n<\/div>\n<\/div>\n\n\n\n<p><\/p>\n","protected":false},"excerpt":{"rendered":"<p>Meine Arbeit zielt darauf ab das energetische Gleichgewicht zwischen K\u00f6rper, Geist und Seele wiederherzustellen und zu st\u00e4rken.Sie basiert auf dem Verst\u00e4ndnis, dass alles Leben Energie ist \u2013 auch unsere Gedanken, Gef\u00fchle und k\u00f6rperlichen Empfindungen. Im Alltag geraten wir oft aus der Balance: Stress, emotionale Belastungen oder alte Muster k\u00f6nnen unseren nat\u00fcrlichen Energiefluss blockieren. Energiearbeit setzt &hellip; <\/p>\n<p class=\"link-more\"><a href=\"https:\/\/lichterkraft-steffi.de\/index.php\/energiearbeit\/\" class=\"more-link\">Mehr <span class=\"screen-reader-text\">\u00fcber &#8222;Energiearbeit&#8220; <\/span>Lesen<\/a><\/p>\n","protected":false},"author":1,"featured_media":0,"parent":0,"menu_order":0,"comment_status":"closed","ping_status":"closed","template":"","meta":{"footnotes":""},"class_list":["post-7115","page","type-page","status-publish","hentry"],"featured_media_urls":[],"_links":{"self":[{"href":"https:\/\/lichterkraft-steffi.de\/index.php\/wp-json\/wp\/v2\/pages\/7115","targetHints":{"allow":["GET"]}}],"collection":[{"href":"https:\/\/lichterkraft-steffi.de\/index.php\/wp-json\/wp\/v2\/pages"}],"about":[{"href":"https:\/\/lichterkraft-steffi.de\/index.php\/wp-json\/wp\/v2\/types\/page"}],"author":[{"embeddable":true,"href":"https:\/\/lichterkraft-steffi.de\/index.php\/wp-json\/wp\/v2\/users\/1"}],"replies":[{"embeddable":true,"href":"https:\/\/lichterkraft-steffi.de\/index.php\/wp-json\/wp\/v2\/comments?post=7115"}],"version-history":[{"count":3,"href":"https:\/\/lichterkraft-steffi.de\/index.php\/wp-json\/wp\/v2\/pages\/7115\/revisions"}],"predecessor-version":[{"id":7123,"href":"https:\/\/lichterkraft-steffi.de\/index.php\/wp-json\/wp\/v2\/pages\/7115\/revisions\/7123"}],"wp:attachment":[{"href":"https:\/\/lichterkraft-steffi.de\/index.php\/wp-json\/wp\/v2\/media?parent=7115"}],"curies":[{"name":"wp","href":"https:\/\/api.w.org\/{rel}","templated":true}]}}