{"id":7059,"date":"2025-10-12T18:58:59","date_gmt":"2025-10-12T18:58:59","guid":{"rendered":"https:\/\/lichterkraft-steffi.de\/?page_id=7059"},"modified":"2025-10-12T19:16:34","modified_gmt":"2025-10-12T19:16:34","slug":"11-mentoring-deine-persoenliche-begleitung-fuer-6-monate","status":"publish","type":"page","link":"https:\/\/lichterkraft-steffi.de\/index.php\/11-mentoring-deine-persoenliche-begleitung-fuer-6-monate\/","title":{"rendered":"1:1 Mentoring &#8211; deine pers\u00f6nliche Begleitung f\u00fcr 6 Monate"},"content":{"rendered":"\n<div class=\"wp-block-columns is-layout-flex wp-container-core-columns-is-layout-28f84493 wp-block-columns-is-layout-flex\">\n<div class=\"wp-block-column is-layout-flow wp-block-column-is-layout-flow\">\n<h2 class=\"wp-block-heading\">\ud83d\ude80 <strong>6 Monate \u2013 Ganzheitliche Transformation &amp; Seelenverk\u00f6rperung<\/strong> <\/h2>\n\n\n\n<p>Diese Begleitung ist eine Reise in dein wahres Sein. Du gehst \u00fcber deine bisherigen Grenzen hinaus, l\u00f6st tief sitzende Muster und beginnst, deine Seelenkraft im Alltag zu verk\u00f6rpern.<\/p>\n\n\n\n<p><em>Ideal f\u00fcr dich, wenn du den Wunsch hast, dich selbst vollst\u00e4ndig neu auszurichten \u2013 k\u00f6rperlich, emotional, mental und spirituell. Auch geeignet, wenn du selbst heilerisch arbeitest oder arbeiten m\u00f6chtest.<\/em><\/p>\n\n\n\n<p><em>Inklusive:<\/em><br>\u2022 24 Sessions (\u00e0 60 Minuten)<br>\u2022 Intensive Energie- &amp; Heilarbeit<br>\u2022 Begleitung auf allen Ebenen (K\u00f6rper, Geist, Seele)<br>\u2022 Pers\u00f6nliche Impulse &amp; Tools f\u00fcr deinen Weg<br>\u2022 Begleitender WhatsApp<\/p>\n<\/div>\n\n\n\n<div class=\"wp-block-column is-layout-flow wp-block-column-is-layout-flow\">\n<figure class=\"wp-block-image size-large\"><img loading=\"lazy\" decoding=\"async\" width=\"1024\" height=\"683\" src=\"https:\/\/lichterkraft-steffi.de\/wp-content\/uploads\/2025\/10\/pexels-errfaci-1573236-1024x683.jpg\" alt=\"\" class=\"wp-image-7026\" srcset=\"https:\/\/lichterkraft-steffi.de\/wp-content\/uploads\/2025\/10\/pexels-errfaci-1573236-1024x683.jpg 1024w, https:\/\/lichterkraft-steffi.de\/wp-content\/uploads\/2025\/10\/pexels-errfaci-1573236-300x200.jpg 300w, https:\/\/lichterkraft-steffi.de\/wp-content\/uploads\/2025\/10\/pexels-errfaci-1573236-2000x1333.jpg 2000w\" sizes=\"auto, (max-width: 1024px) 100vw, 1024px\" \/><\/figure>\n<\/div>\n<\/div>\n\n\n\n<p><\/p>\n\n\n\n<div class=\"wp-block-buttons is-content-justification-center is-layout-flex wp-container-core-buttons-is-layout-a89b3969 wp-block-buttons-is-layout-flex\">\n<div class=\"wp-block-button\"><a class=\"wp-block-button__link wp-element-button\" href=\"https:\/\/lichterkraft-steffi.de\/index.php\/contact\/\">Jetzt anfragen<\/a><\/div>\n<\/div>\n\n\n\n<p><\/p>\n","protected":false},"excerpt":{"rendered":"<p>\ud83d\ude80 6 Monate \u2013 Ganzheitliche Transformation &amp; Seelenverk\u00f6rperung Diese Begleitung ist eine Reise in dein wahres Sein. Du gehst \u00fcber deine bisherigen Grenzen hinaus, l\u00f6st tief sitzende Muster und beginnst, deine Seelenkraft im Alltag zu verk\u00f6rpern. Ideal f\u00fcr dich, wenn du den Wunsch hast, dich selbst vollst\u00e4ndig neu auszurichten \u2013 k\u00f6rperlich, emotional, mental und spirituell. &hellip; <\/p>\n<p class=\"link-more\"><a href=\"https:\/\/lichterkraft-steffi.de\/index.php\/11-mentoring-deine-persoenliche-begleitung-fuer-6-monate\/\" class=\"more-link\">Mehr <span class=\"screen-reader-text\">\u00fcber &#8222;1:1 Mentoring &#8211; deine pers\u00f6nliche Begleitung f\u00fcr 6 Monate&#8220; <\/span>Lesen<\/a><\/p>\n","protected":false},"author":1,"featured_media":0,"parent":0,"menu_order":0,"comment_status":"closed","ping_status":"closed","template":"","meta":{"footnotes":""},"class_list":["post-7059","page","type-page","status-publish","hentry"],"featured_media_urls":[],"_links":{"self":[{"href":"https:\/\/lichterkraft-steffi.de\/index.php\/wp-json\/wp\/v2\/pages\/7059","targetHints":{"allow":["GET"]}}],"collection":[{"href":"https:\/\/lichterkraft-steffi.de\/index.php\/wp-json\/wp\/v2\/pages"}],"about":[{"href":"https:\/\/lichterkraft-steffi.de\/index.php\/wp-json\/wp\/v2\/types\/page"}],"author":[{"embeddable":true,"href":"https:\/\/lichterkraft-steffi.de\/index.php\/wp-json\/wp\/v2\/users\/1"}],"replies":[{"embeddable":true,"href":"https:\/\/lichterkraft-steffi.de\/index.php\/wp-json\/wp\/v2\/comments?post=7059"}],"version-history":[{"count":3,"href":"https:\/\/lichterkraft-steffi.de\/index.php\/wp-json\/wp\/v2\/pages\/7059\/revisions"}],"predecessor-version":[{"id":7071,"href":"https:\/\/lichterkraft-steffi.de\/index.php\/wp-json\/wp\/v2\/pages\/7059\/revisions\/7071"}],"wp:attachment":[{"href":"https:\/\/lichterkraft-steffi.de\/index.php\/wp-json\/wp\/v2\/media?parent=7059"}],"curies":[{"name":"wp","href":"https:\/\/api.w.org\/{rel}","templated":true}]}}