{"id":7055,"date":"2025-10-12T18:58:10","date_gmt":"2025-10-12T18:58:10","guid":{"rendered":"https:\/\/lichterkraft-steffi.de\/?page_id=7055"},"modified":"2025-10-12T19:08:32","modified_gmt":"2025-10-12T19:08:32","slug":"11-mentoring-deine-persoenliche-begleitung-fuer-1-monat","status":"publish","type":"page","link":"https:\/\/lichterkraft-steffi.de\/index.php\/11-mentoring-deine-persoenliche-begleitung-fuer-1-monat\/","title":{"rendered":"1:1 Mentoring &#8211; deine pers\u00f6nliche Begleitung f\u00fcr 1 Monat"},"content":{"rendered":"\n<div class=\"wp-block-columns is-layout-flex wp-container-core-columns-is-layout-28f84493 wp-block-columns-is-layout-flex\">\n<div class=\"wp-block-column is-layout-flow wp-block-column-is-layout-flow\">\n<h2 class=\"wp-block-heading\">\ud83c\udf3f\u00a0<strong>1 Monat \u2013 Impuls &amp; Neuausrichtung<\/strong><\/h2>\n\n\n\n<p>Du stehst an einem Wendepunkt und brauchst Klarheit? In dieser intensiven Kurzbegleitung setzen wir gezielte Impulse, um dich zur\u00fcck in deine Mitte zu bringen. Wir l\u00f6sen energetische Blockaden, aktivieren deine Selbstheilungskr\u00e4fte und schaffen Raum f\u00fcr neue Perspektiven.<br><em>Ideal f\u00fcr dich, wenn du eine akute Herausforderung meistern oder gezielt an einem Thema arbeiten m\u00f6chtest.<\/em><\/p>\n\n\n\n<p><em>Inklusive:<\/em><br>\u2022 4 Sessions (\u00e0 60 Minuten)<br>\u2022 Individuelle Energiearbeit<br>\u2022 Integration &amp; Impulse f\u00fcr Zuhause<br>\u2022 Begleitender WhatsApp Support&nbsp;<\/p>\n<\/div>\n\n\n\n<div class=\"wp-block-column is-layout-flow wp-block-column-is-layout-flow\">\n<figure class=\"wp-block-image size-large\"><img loading=\"lazy\" decoding=\"async\" width=\"1024\" height=\"683\" src=\"https:\/\/lichterkraft-steffi.de\/wp-content\/uploads\/2025\/10\/pexels-castorlystock-3725709-1-1024x683.jpg\" alt=\"\" class=\"wp-image-7053\" srcset=\"https:\/\/lichterkraft-steffi.de\/wp-content\/uploads\/2025\/10\/pexels-castorlystock-3725709-1-1024x683.jpg 1024w, https:\/\/lichterkraft-steffi.de\/wp-content\/uploads\/2025\/10\/pexels-castorlystock-3725709-1-300x200.jpg 300w, https:\/\/lichterkraft-steffi.de\/wp-content\/uploads\/2025\/10\/pexels-castorlystock-3725709-1-2000x1333.jpg 2000w, https:\/\/lichterkraft-steffi.de\/wp-content\/uploads\/2025\/10\/pexels-castorlystock-3725709-1-600x400.jpg 600w, https:\/\/lichterkraft-steffi.de\/wp-content\/uploads\/2025\/10\/pexels-castorlystock-3725709-1-1200x800.jpg 1200w\" sizes=\"auto, (max-width: 1024px) 100vw, 1024px\" \/><\/figure>\n<\/div>\n<\/div>\n\n\n\n<p><\/p>\n\n\n\n<div class=\"wp-block-buttons is-content-justification-center is-layout-flex wp-container-core-buttons-is-layout-a89b3969 wp-block-buttons-is-layout-flex\">\n<div class=\"wp-block-button\"><a class=\"wp-block-button__link has-text-align-center wp-element-button\" href=\"https:\/\/lichterkraft-steffi.de\/index.php\/contact\/\">Jetzt anfragen<\/a><\/div>\n<\/div>\n\n\n\n<p><\/p>\n","protected":false},"excerpt":{"rendered":"<p>\ud83c\udf3f\u00a01 Monat \u2013 Impuls &amp; Neuausrichtung Du stehst an einem Wendepunkt und brauchst Klarheit? In dieser intensiven Kurzbegleitung setzen wir gezielte Impulse, um dich zur\u00fcck in deine Mitte zu bringen. Wir l\u00f6sen energetische Blockaden, aktivieren deine Selbstheilungskr\u00e4fte und schaffen Raum f\u00fcr neue Perspektiven.Ideal f\u00fcr dich, wenn du eine akute Herausforderung meistern oder gezielt an einem &hellip; <\/p>\n<p class=\"link-more\"><a href=\"https:\/\/lichterkraft-steffi.de\/index.php\/11-mentoring-deine-persoenliche-begleitung-fuer-1-monat\/\" class=\"more-link\">Mehr <span class=\"screen-reader-text\">\u00fcber &#8222;1:1 Mentoring &#8211; deine pers\u00f6nliche Begleitung f\u00fcr 1 Monat&#8220; <\/span>Lesen<\/a><\/p>\n","protected":false},"author":1,"featured_media":0,"parent":0,"menu_order":0,"comment_status":"closed","ping_status":"closed","template":"","meta":{"footnotes":""},"class_list":["post-7055","page","type-page","status-publish","hentry"],"featured_media_urls":[],"_links":{"self":[{"href":"https:\/\/lichterkraft-steffi.de\/index.php\/wp-json\/wp\/v2\/pages\/7055","targetHints":{"allow":["GET"]}}],"collection":[{"href":"https:\/\/lichterkraft-steffi.de\/index.php\/wp-json\/wp\/v2\/pages"}],"about":[{"href":"https:\/\/lichterkraft-steffi.de\/index.php\/wp-json\/wp\/v2\/types\/page"}],"author":[{"embeddable":true,"href":"https:\/\/lichterkraft-steffi.de\/index.php\/wp-json\/wp\/v2\/users\/1"}],"replies":[{"embeddable":true,"href":"https:\/\/lichterkraft-steffi.de\/index.php\/wp-json\/wp\/v2\/comments?post=7055"}],"version-history":[{"count":4,"href":"https:\/\/lichterkraft-steffi.de\/index.php\/wp-json\/wp\/v2\/pages\/7055\/revisions"}],"predecessor-version":[{"id":7067,"href":"https:\/\/lichterkraft-steffi.de\/index.php\/wp-json\/wp\/v2\/pages\/7055\/revisions\/7067"}],"wp:attachment":[{"href":"https:\/\/lichterkraft-steffi.de\/index.php\/wp-json\/wp\/v2\/media?parent=7055"}],"curies":[{"name":"wp","href":"https:\/\/api.w.org\/{rel}","templated":true}]}}