{"id":6977,"date":"2025-10-10T10:07:20","date_gmt":"2025-10-10T10:07:20","guid":{"rendered":"https:\/\/lichterkraft-steffi.de\/?page_id=6977"},"modified":"2025-10-14T14:23:13","modified_gmt":"2025-10-14T14:23:13","slug":"massage","status":"publish","type":"page","link":"https:\/\/lichterkraft-steffi.de\/index.php\/massage\/","title":{"rendered":"Wellness"},"content":{"rendered":"\n<div class=\"wp-block-columns is-layout-flex wp-container-core-columns-is-layout-28f84493 wp-block-columns-is-layout-flex\">\n<div class=\"wp-block-column is-layout-flow wp-block-column-is-layout-flow\">\n<h2 class=\"wp-block-heading\"><\/h2>\n\n\n\n<p>Manchmal braucht es nur einen Moment der Stille, um wieder in die eigene Mitte zu finden.<br>In meiner Wellness-Oase darfst du genau das erleben \u2013 eine liebevolle Auszeit, in der du loslassen, entspannen und neue Kraft sch\u00f6pfen darfst.<\/p>\n\n\n\n<p>Meine Anwendungen verbinden achtsame Ber\u00fchrung mit energetischer Harmoniearbeit und f\u00f6rdern so nicht nur das k\u00f6rperliche Wohlbefinden, sondern auch die seelische Balance.<br>Sanfte Energie, wohltuende D\u00fcfte und eine Atmosph\u00e4re von Geborgenheit begleiten dich auf einer Reise zu dir selbst.<\/p>\n\n\n\n<p>Hier geht es nicht nur um Entspannung \u2013 es geht um R\u00fcckverbindung.<br>Zu deiner inneren Ruhe, deinem Herzen und deinem nat\u00fcrlichen Licht, das vielleicht im Alltag ein wenig verdeckt wurde.<br>Lass dich ein auf Momente voller W\u00e4rme, Leichtigkeit und Regeneration \u2013 und sp\u00fcre, wie dein gesamtes System in Einklang kommt.<\/p>\n<\/div>\n\n\n\n<div class=\"wp-block-column is-layout-flow wp-block-column-is-layout-flow\">\n<figure class=\"wp-block-image size-large\"><img loading=\"lazy\" decoding=\"async\" width=\"1024\" height=\"682\" src=\"https:\/\/lichterkraft-steffi.de\/wp-content\/uploads\/2025\/10\/wellness-3715861_1280-1024x682.jpg\" alt=\"\" class=\"wp-image-7042\" srcset=\"https:\/\/lichterkraft-steffi.de\/wp-content\/uploads\/2025\/10\/wellness-3715861_1280-1024x682.jpg 1024w, https:\/\/lichterkraft-steffi.de\/wp-content\/uploads\/2025\/10\/wellness-3715861_1280-300x200.jpg 300w, https:\/\/lichterkraft-steffi.de\/wp-content\/uploads\/2025\/10\/wellness-3715861_1280.jpg 1280w\" sizes=\"auto, (max-width: 1024px) 100vw, 1024px\" \/><\/figure>\n<\/div>\n<\/div>\n\n\n\n<p><\/p>\n\n\n\n<div class=\"wp-block-media-text is-stacked-on-mobile\" style=\"grid-template-columns:33% auto\"><figure class=\"wp-block-media-text__media\"><img loading=\"lazy\" decoding=\"async\" width=\"1024\" height=\"683\" src=\"https:\/\/lichterkraft-steffi.de\/wp-content\/uploads\/2025\/10\/pexels-karolina-grabowska-6629521-1024x683.jpg\" alt=\"\" class=\"wp-image-7031 size-full\" srcset=\"https:\/\/lichterkraft-steffi.de\/wp-content\/uploads\/2025\/10\/pexels-karolina-grabowska-6629521-1024x683.jpg 1024w, https:\/\/lichterkraft-steffi.de\/wp-content\/uploads\/2025\/10\/pexels-karolina-grabowska-6629521-300x200.jpg 300w, https:\/\/lichterkraft-steffi.de\/wp-content\/uploads\/2025\/10\/pexels-karolina-grabowska-6629521-2000x1333.jpg 2000w\" sizes=\"auto, (max-width: 1024px) 100vw, 1024px\" \/><\/figure><div class=\"wp-block-media-text__content\">\n<details class=\"wp-block-details is-layout-flow wp-block-details-is-layout-flow\"><summary>Hot Stone Massage<\/summary>\n<p>Bei der Hot-Stone-Massage werden erw\u00e4rmte Lavasteine auf Energiezentren des K\u00f6rpers gelegt und in flie\u00dfenden Bewegungen in die Massage integriert. Die wohltuende W\u00e4rme dringt tief in die Muskulatur ein und unterst\u00fctzt das L\u00f6sen von Verspannungen sowie die Durchblutung. Gleichzeitig wirkt sie beruhigend auf das Nervensystem und bringt K\u00f6rper und Geist in Einklang. Ideal zur Tiefenentspannung in stressreichen Zeiten oder bei chronischer Anspannung. Eine Verbindung von Erdung, W\u00e4rme und energetischer Regeneration.<\/p>\n\n\n\n<p><strong>60 Minuten&nbsp;inkl. 15 Minuten Nachruhen&nbsp;&#8211; 60 \u20ac&nbsp;<\/strong><\/p>\n<\/details>\n<\/div><\/div>\n\n\n\n<p><\/p>\n\n\n\n<div class=\"wp-block-media-text is-stacked-on-mobile\" style=\"grid-template-columns:33% auto\"><figure class=\"wp-block-media-text__media\"><img loading=\"lazy\" decoding=\"async\" width=\"1024\" height=\"683\" src=\"https:\/\/lichterkraft-steffi.de\/wp-content\/uploads\/2025\/10\/pexels-mareefe-932577-1024x683.jpg\" alt=\"\" class=\"wp-image-7036 size-full\" srcset=\"https:\/\/lichterkraft-steffi.de\/wp-content\/uploads\/2025\/10\/pexels-mareefe-932577-1024x683.jpg 1024w, https:\/\/lichterkraft-steffi.de\/wp-content\/uploads\/2025\/10\/pexels-mareefe-932577-300x200.jpg 300w, https:\/\/lichterkraft-steffi.de\/wp-content\/uploads\/2025\/10\/pexels-mareefe-932577-2000x1333.jpg 2000w\" sizes=\"auto, (max-width: 1024px) 100vw, 1024px\" \/><\/figure><div class=\"wp-block-media-text__content\">\n<details class=\"wp-block-details is-layout-flow wp-block-details-is-layout-flow\"><summary>Aroma\u00f6lmassage<\/summary>\n<p>Die Aroma\u00f6l-Massage verbindet sanfte Massagetechniken mit der Heilkraft \u00e4therischer \u00d6le. Je nach gew\u00e4hltem \u00d6l wirkt die Behandlung beruhigend, kl\u00e4rend, ausgleichend oder vitalisierend. Die D\u00fcfte sprechen \u00fcber die Haut und das limbische System direkt die Emotionen an und f\u00f6rdern seelisches Wohlbefinden. Gleichzeitig wird das Gewebe sanft gelockert und die Lebensenergie zum Flie\u00dfen gebracht. Eine Einladung zum Loslassen, Sp\u00fcren und Genie\u00dfen.<\/p>\n\n\n\n<p><strong>40 Minuten&nbsp;inkl. 10 Minuten Nachruhen&nbsp;&#8211; 40 \u20ac<\/strong><\/p>\n\n\n\n<p><strong>60 Minuten&nbsp;inkl. 15 Minuten Nachruhen&nbsp;&#8211; 80 \u20ac<\/strong><\/p>\n<\/details>\n<\/div><\/div>\n\n\n\n<p><\/p>\n\n\n\n<div class=\"wp-block-media-text is-stacked-on-mobile\" style=\"grid-template-columns:33% auto\"><figure class=\"wp-block-media-text__media\"><img loading=\"lazy\" decoding=\"async\" width=\"1024\" height=\"683\" src=\"https:\/\/lichterkraft-steffi.de\/wp-content\/uploads\/2025\/10\/pexels-rdne-8313197-1024x683.jpg\" alt=\"\" class=\"wp-image-7039 size-full\" srcset=\"https:\/\/lichterkraft-steffi.de\/wp-content\/uploads\/2025\/10\/pexels-rdne-8313197-1024x683.jpg 1024w, https:\/\/lichterkraft-steffi.de\/wp-content\/uploads\/2025\/10\/pexels-rdne-8313197-300x200.jpg 300w, https:\/\/lichterkraft-steffi.de\/wp-content\/uploads\/2025\/10\/pexels-rdne-8313197-2000x1333.jpg 2000w\" sizes=\"auto, (max-width: 1024px) 100vw, 1024px\" \/><\/figure><div class=\"wp-block-media-text__content\">\n<details class=\"wp-block-details is-layout-flow wp-block-details-is-layout-flow\"><summary>Schr\u00f6pfmassage<\/summary>\n<p>Die Schr\u00f6pfmassage ist eine Kombination aus klassischer Massage und dem traditionellen Schr\u00f6pfen mit Gl\u00e4sern oder Silikoncups. Durch Unterdruck wird das Gewebe tief stimuliert, wodurch Verspannungen gel\u00f6st, die Durchblutung gesteigert und der Lymphfluss angeregt wird. Sie eignet sich besonders bei Muskelverh\u00e4rtungen, R\u00fcckenschmerzen oder energetischen Stauungen. Zudem kann sie unterst\u00fctzend bei Entgiftungsprozessen und Stoffwechselanregung wirken. Die Schr\u00f6pfmassage verbindet alte Heilkunst mit moderner K\u00f6rpertherapie.<\/p>\n\n\n\n<p><strong>40 Minuten&nbsp;inkl. 10 Minuten Nachruhen&nbsp;&#8211; 40 \u20ac<\/strong><\/p>\n\n\n\n<p><strong>60 Minuten&nbsp;inkl. 15 Minuten Nachruhen&nbsp;&#8211; 80 \u20ac<\/strong><\/p>\n<\/details>\n\n\n\n<p><\/p>\n<\/div><\/div>\n\n\n\n<p><\/p>\n","protected":false},"excerpt":{"rendered":"<p>Manchmal braucht es nur einen Moment der Stille, um wieder in die eigene Mitte zu finden.In meiner Wellness-Oase darfst du genau das erleben \u2013 eine liebevolle Auszeit, in der du loslassen, entspannen und neue Kraft sch\u00f6pfen darfst. Meine Anwendungen verbinden achtsame Ber\u00fchrung mit energetischer Harmoniearbeit und f\u00f6rdern so nicht nur das k\u00f6rperliche Wohlbefinden, sondern auch &hellip; <\/p>\n<p class=\"link-more\"><a href=\"https:\/\/lichterkraft-steffi.de\/index.php\/massage\/\" class=\"more-link\">Mehr <span class=\"screen-reader-text\">\u00fcber &#8222;Wellness&#8220; <\/span>Lesen<\/a><\/p>\n","protected":false},"author":1,"featured_media":0,"parent":0,"menu_order":0,"comment_status":"closed","ping_status":"closed","template":"","meta":{"footnotes":""},"class_list":["post-6977","page","type-page","status-publish","hentry"],"featured_media_urls":[],"_links":{"self":[{"href":"https:\/\/lichterkraft-steffi.de\/index.php\/wp-json\/wp\/v2\/pages\/6977","targetHints":{"allow":["GET"]}}],"collection":[{"href":"https:\/\/lichterkraft-steffi.de\/index.php\/wp-json\/wp\/v2\/pages"}],"about":[{"href":"https:\/\/lichterkraft-steffi.de\/index.php\/wp-json\/wp\/v2\/types\/page"}],"author":[{"embeddable":true,"href":"https:\/\/lichterkraft-steffi.de\/index.php\/wp-json\/wp\/v2\/users\/1"}],"replies":[{"embeddable":true,"href":"https:\/\/lichterkraft-steffi.de\/index.php\/wp-json\/wp\/v2\/comments?post=6977"}],"version-history":[{"count":7,"href":"https:\/\/lichterkraft-steffi.de\/index.php\/wp-json\/wp\/v2\/pages\/6977\/revisions"}],"predecessor-version":[{"id":7125,"href":"https:\/\/lichterkraft-steffi.de\/index.php\/wp-json\/wp\/v2\/pages\/6977\/revisions\/7125"}],"wp:attachment":[{"href":"https:\/\/lichterkraft-steffi.de\/index.php\/wp-json\/wp\/v2\/media?parent=6977"}],"curies":[{"name":"wp","href":"https:\/\/api.w.org\/{rel}","templated":true}]}}