{"id":6973,"date":"2025-10-10T10:06:59","date_gmt":"2025-10-10T10:06:59","guid":{"rendered":"https:\/\/lichterkraft-steffi.de\/?page_id=6973"},"modified":"2025-10-14T15:01:44","modified_gmt":"2025-10-14T15:01:44","slug":"energetische-wirbelsaeulenaufrichtung","status":"publish","type":"page","link":"https:\/\/lichterkraft-steffi.de\/index.php\/energetische-wirbelsaeulenaufrichtung\/","title":{"rendered":"energetische Wirbels\u00e4ulenaufrichtung"},"content":{"rendered":"\n<div class=\"wp-block-columns is-layout-flex wp-container-core-columns-is-layout-28f84493 wp-block-columns-is-layout-flex\">\n<div class=\"wp-block-column is-layout-flow wp-block-column-is-layout-flow\">\n<h2 class=\"wp-block-heading\"><\/h2>\n\n\n\n<p>Unsere Wirbels\u00e4ule ist nicht nur das zentrale k\u00f6rperliche St\u00fctzsystem, sondern auch ein&nbsp;<strong>energetischer Speicher<\/strong>&nbsp;f\u00fcr Erfahrungen, Emotionen und Lebenspr\u00e4gungen. Belastende Erlebnisse, unterdr\u00fcckte Gef\u00fchle oder seelische Themen k\u00f6nnen sich auf der feinstofflichen Ebene im R\u00fccken manifestieren \u2013 als energetische Schieflagen, Verspannungen oder sogar in k\u00f6rperlichen Symptomen.<\/p>\n\n\n\n<p>Die&nbsp;<strong>energetische Wirbels\u00e4ulenaufrichtung<\/strong>&nbsp;ist eine ganzheitliche Methode, bei der die Wirbels\u00e4ule sanft in ihre urspr\u00fcngliche Ordnung gebracht wird \u2013&nbsp;<strong>ohne Ber\u00fchrung, Manipulation oder mechanische Eingriffe<\/strong>. Durch die \u00dcbertragung hochschwingender Heilenergie richtet sich der K\u00f6rper auf geistiger Ebene neu aus. Das kann sp\u00fcrbare Effekte auf die gesamte K\u00f6rperstatik, die Haltung und das allgemeine Wohlbefinden haben.<\/p>\n<\/div>\n\n\n\n<div class=\"wp-block-column is-layout-flow wp-block-column-is-layout-flow\">\n<figure class=\"wp-block-image size-large\"><img loading=\"lazy\" decoding=\"async\" width=\"1024\" height=\"683\" src=\"https:\/\/lichterkraft-steffi.de\/wp-content\/uploads\/2025\/10\/pexels-arina-krasnikova-6998227-1024x683.jpg\" alt=\"\" class=\"wp-image-7019\" srcset=\"https:\/\/lichterkraft-steffi.de\/wp-content\/uploads\/2025\/10\/pexels-arina-krasnikova-6998227-1024x683.jpg 1024w, https:\/\/lichterkraft-steffi.de\/wp-content\/uploads\/2025\/10\/pexels-arina-krasnikova-6998227-300x200.jpg 300w, https:\/\/lichterkraft-steffi.de\/wp-content\/uploads\/2025\/10\/pexels-arina-krasnikova-6998227-2000x1335.jpg 2000w\" sizes=\"auto, (max-width: 1024px) 100vw, 1024px\" \/><\/figure>\n<\/div>\n<\/div>\n\n\n\n<p>Dabei wirkt die Aufrichtung nicht nur k\u00f6rperlich, sondern auch&nbsp;<strong>emotional und spirituell<\/strong>&nbsp;\u2013 als Impuls zur inneren Aufrichtung, Klarheit und Ausrichtung auf deinen wahren Lebensweg.<\/p>\n\n\n\n<p><\/p>\n\n\n\n<p><em>Wie l\u00e4uft eine Sitzung ab?<\/em><\/p>\n\n\n\n<p>\ud83c\udf3f&nbsp;<strong>Vorgespr\u00e4ch &amp; Ausrichtung auf die Energie<\/strong><br>Zu Beginn sprechen wir kurz \u00fcber dein Anliegen und deine aktuelle Situation. Du darfst dich mit der Absicht verbinden, Heilung und Ausrichtung zu empfangen.<\/p>\n\n\n\n<p>\ud83c\udf3f&nbsp;<strong>Energie\u00fcbertragung im Liegen oder Sitzen<\/strong><br>Du liegst oder sitzt bequem, vollst\u00e4ndig bekleidet. Ich verbinde mich mit der g\u00f6ttlichen Ordnung und lasse die Aufrichtungsenergie durch mich flie\u00dfen. Diese wird ohne k\u00f6rperliche Ber\u00fchrung in dein System \u00fcbertragen. Sie wirkt dort, wo sie gebraucht wird \u2013 in tiefer Intelligenz und Liebe.<\/p>\n\n\n\n<p>\ud83c\udf3f&nbsp;<strong>Harmonisierung &amp; Aufl\u00f6sung von Blockaden<\/strong><br>W\u00e4hrend der Sitzung k\u00f6nnen sich alte energetische Muster, gespeicherte Emotionen oder Spannungen l\u00f6sen. Viele Menschen sp\u00fcren dabei eine tiefe W\u00e4rme, ein Kribbeln, inneres Loslassen oder einfach nur Frieden.<\/p>\n\n\n\n<p>\ud83c\udf3f&nbsp;<strong>Nachsp\u00fcren &amp; Integration<\/strong><br>Im Anschluss hast du Raum, die Energie nachwirken zu lassen. Wir sprechen \u00fcber deine Empfindungen und ich gebe dir bei Bedarf Impulse zur Integration. Die Aufrichtung wirkt oft noch Tage oder Wochen weiter \u2013 auf k\u00f6rperlicher, mentaler und seelischer Ebene.<\/p>\n\n\n\n<p><strong>Die energetische Wirbels\u00e4ulenaufrichtung ist mehr als nur eine Methode \u2013 sie ist eine Einladung, dich wieder in deine innere Mitte und nat\u00fcrliche Ordnung zu bringen.<\/strong><\/p>\n\n\n\n<p class=\"has-text-align-center\"><strong>ca. 40 Minuten &#8211; 80 \u20ac<\/strong><\/p>\n\n\n\n<div class=\"wp-block-buttons is-content-justification-center is-layout-flex wp-container-core-buttons-is-layout-a89b3969 wp-block-buttons-is-layout-flex\">\n<div class=\"wp-block-button\"><a class=\"wp-block-button__link wp-element-button\" href=\"https:\/\/wa.me\/+4917699813759\">Jetzt anfragen<\/a><\/div>\n<\/div>\n\n\n\n<p><\/p>\n","protected":false},"excerpt":{"rendered":"<p>Unsere Wirbels\u00e4ule ist nicht nur das zentrale k\u00f6rperliche St\u00fctzsystem, sondern auch ein&nbsp;energetischer Speicher&nbsp;f\u00fcr Erfahrungen, Emotionen und Lebenspr\u00e4gungen. Belastende Erlebnisse, unterdr\u00fcckte Gef\u00fchle oder seelische Themen k\u00f6nnen sich auf der feinstofflichen Ebene im R\u00fccken manifestieren \u2013 als energetische Schieflagen, Verspannungen oder sogar in k\u00f6rperlichen Symptomen. Die&nbsp;energetische Wirbels\u00e4ulenaufrichtung&nbsp;ist eine ganzheitliche Methode, bei der die Wirbels\u00e4ule sanft in ihre &hellip; <\/p>\n<p class=\"link-more\"><a href=\"https:\/\/lichterkraft-steffi.de\/index.php\/energetische-wirbelsaeulenaufrichtung\/\" class=\"more-link\">Mehr <span class=\"screen-reader-text\">\u00fcber &#8222;energetische Wirbels\u00e4ulenaufrichtung&#8220; <\/span>Lesen<\/a><\/p>\n","protected":false},"author":1,"featured_media":0,"parent":0,"menu_order":0,"comment_status":"closed","ping_status":"closed","template":"","meta":{"footnotes":""},"class_list":["post-6973","page","type-page","status-publish","hentry"],"featured_media_urls":[],"_links":{"self":[{"href":"https:\/\/lichterkraft-steffi.de\/index.php\/wp-json\/wp\/v2\/pages\/6973","targetHints":{"allow":["GET"]}}],"collection":[{"href":"https:\/\/lichterkraft-steffi.de\/index.php\/wp-json\/wp\/v2\/pages"}],"about":[{"href":"https:\/\/lichterkraft-steffi.de\/index.php\/wp-json\/wp\/v2\/types\/page"}],"author":[{"embeddable":true,"href":"https:\/\/lichterkraft-steffi.de\/index.php\/wp-json\/wp\/v2\/users\/1"}],"replies":[{"embeddable":true,"href":"https:\/\/lichterkraft-steffi.de\/index.php\/wp-json\/wp\/v2\/comments?post=6973"}],"version-history":[{"count":3,"href":"https:\/\/lichterkraft-steffi.de\/index.php\/wp-json\/wp\/v2\/pages\/6973\/revisions"}],"predecessor-version":[{"id":7168,"href":"https:\/\/lichterkraft-steffi.de\/index.php\/wp-json\/wp\/v2\/pages\/6973\/revisions\/7168"}],"wp:attachment":[{"href":"https:\/\/lichterkraft-steffi.de\/index.php\/wp-json\/wp\/v2\/media?parent=6973"}],"curies":[{"name":"wp","href":"https:\/\/api.w.org\/{rel}","templated":true}]}}