{"id":6969,"date":"2025-10-10T10:06:15","date_gmt":"2025-10-10T10:06:15","guid":{"rendered":"https:\/\/lichterkraft-steffi.de\/?page_id=6969"},"modified":"2025-10-14T15:00:56","modified_gmt":"2025-10-14T15:00:56","slug":"reiki","status":"publish","type":"page","link":"https:\/\/lichterkraft-steffi.de\/index.php\/reiki\/","title":{"rendered":"Reiki"},"content":{"rendered":"\n<div class=\"wp-block-columns is-layout-flex wp-container-core-columns-is-layout-28f84493 wp-block-columns-is-layout-flex\">\n<div class=\"wp-block-column is-layout-flow wp-block-column-is-layout-flow\">\n<h2 class=\"wp-block-heading\"><\/h2>\n\n\n\n<p>Reiki ist eine uralte Form der Energiearbeit, die Anfang des 20. Jahrhunderts von dem japanischen M\u00f6nch Dr. Mikao Usui wiederentdeckt wurde. Das Wort \u201eReiki\u201c setzt sich aus den Silben&nbsp;<em>Rei<\/em>&nbsp;(universell) und&nbsp;<em>Ki<\/em>&nbsp;(Lebensenergie) zusammen \u2013 es bedeutet also<strong>&nbsp;\u201euniverselle Lebensenergie\u201c.<\/strong><\/p>\n\n\n\n<p>Diese Energie flie\u00dft durch alles Lebendige. Wenn unser Energiefluss blockiert ist \u2013 durch Stress, emotionale Verletzungen oder k\u00f6rperliche Belastungen \u2013 kann es zu&nbsp;<strong>Unwohlsein, Ersch\u00f6pfung oder innerer Unruhe<\/strong>&nbsp;kommen. Reiki hilft, diese Blockaden sanft zu l\u00f6sen, die Energien wieder in Fluss zu bringen und&nbsp;<strong>tiefe Entspannung und Regeneration<\/strong>&nbsp;zu erm\u00f6glichen.<\/p>\n<\/div>\n\n\n\n<div class=\"wp-block-column is-layout-flow wp-block-column-is-layout-flow\">\n<figure class=\"wp-block-image size-large\"><img loading=\"lazy\" decoding=\"async\" width=\"1024\" height=\"682\" src=\"https:\/\/lichterkraft-steffi.de\/wp-content\/uploads\/2025\/10\/wellness-285590_1280-1024x682.jpg\" alt=\"\" class=\"wp-image-7041\" srcset=\"https:\/\/lichterkraft-steffi.de\/wp-content\/uploads\/2025\/10\/wellness-285590_1280-1024x682.jpg 1024w, https:\/\/lichterkraft-steffi.de\/wp-content\/uploads\/2025\/10\/wellness-285590_1280-300x200.jpg 300w, https:\/\/lichterkraft-steffi.de\/wp-content\/uploads\/2025\/10\/wellness-285590_1280.jpg 1280w\" sizes=\"auto, (max-width: 1024px) 100vw, 1024px\" \/><\/figure>\n<\/div>\n<\/div>\n\n\n\n<p><em>Wie l\u00e4uft eine Reiki-Sitzung ab?<\/em><\/p>\n\n\n\n<p>Eine Reiki-Sitzung bei mir ist eine Einladung, ganz bei dir anzukommen.<\/p>\n\n\n\n<p>\ud83c\udf3f&nbsp;<strong>Ankommen &amp; Gespr\u00e4ch<\/strong><br>Wir starten mit einem kurzen Vorgespr\u00e4ch, in dem du mir mitteilen kannst, was dich gerade besch\u00e4ftigt oder was du dir von der Sitzung w\u00fcnschst. Alles darf da sein \u2013 du wirst in einem gesch\u00fctzten Raum liebevoll gehalten.<\/p>\n\n\n\n<p>\ud83c\udf3f&nbsp;<strong>Die Reiki-Anwendung<\/strong><br>Offline: Du legst dich bequem auf eine Liege vollst\u00e4ndig bekleidet und zugedeckt, damit du dich rundum wohlf\u00fchlst. Ich lege meine H\u00e4nde sanft auf oder knapp \u00fcber verschiedene Positionen deines K\u00f6rpers.<\/p>\n\n\n\n<p>Online: Du legst dich bequem bei dir zuhause hin, so dass du dich rundum wohlf\u00fchlst. Ich lasse \u00fcber die Ferne Reiki in dein System flie\u00dfen.<\/p>\n\n\n\n<p>Dabei flie\u00dft die Reiki-Energie dorthin, wo sie gerade gebraucht wird. Manche sp\u00fcren W\u00e4rme, ein Kribbeln, Farben oder tiefe Ruhe \u2013 jede Erfahrung ist einzigartig.<\/p>\n\n\n\n<p>\ud83c\udf3f&nbsp;<strong>Nachsp\u00fcren &amp; Integration<\/strong><br>Im Anschluss hast du Zeit zum Nachsp\u00fcren. Wenn du m\u00f6chtest, sprechen wir \u00fcber deine Eindr\u00fccke oder das, was sich gezeigt hat. Oft wirkt Reiki auch noch Tage nach der Sitzung nach \u2013 durch mehr Klarheit, inneren Frieden oder emotionale Leichtigkeit.<\/p>\n\n\n\n<p><strong>Reiki ist sanft, aber tiefgreifend. Es verbindet dich mit deinem inneren Licht und bringt dich zur\u00fcck in deine nat\u00fcrliche Balance.<\/strong><\/p>\n\n\n\n<p class=\"has-text-align-center\"><strong>30 Minuten &#8211; 60 \u20ac <\/strong><\/p>\n\n\n\n<div class=\"wp-block-buttons is-content-justification-center is-layout-flex wp-container-core-buttons-is-layout-a89b3969 wp-block-buttons-is-layout-flex\">\n<div class=\"wp-block-button\"><a class=\"wp-block-button__link wp-element-button\" href=\"https:\/\/wa.me\/+4917699813759\">Jetzt anfragen<\/a><\/div>\n<\/div>\n\n\n\n<p><\/p>\n","protected":false},"excerpt":{"rendered":"<p>Reiki ist eine uralte Form der Energiearbeit, die Anfang des 20. Jahrhunderts von dem japanischen M\u00f6nch Dr. Mikao Usui wiederentdeckt wurde. Das Wort \u201eReiki\u201c setzt sich aus den Silben&nbsp;Rei&nbsp;(universell) und&nbsp;Ki&nbsp;(Lebensenergie) zusammen \u2013 es bedeutet also&nbsp;\u201euniverselle Lebensenergie\u201c. Diese Energie flie\u00dft durch alles Lebendige. Wenn unser Energiefluss blockiert ist \u2013 durch Stress, emotionale Verletzungen oder k\u00f6rperliche Belastungen &hellip; <\/p>\n<p class=\"link-more\"><a href=\"https:\/\/lichterkraft-steffi.de\/index.php\/reiki\/\" class=\"more-link\">Mehr <span class=\"screen-reader-text\">\u00fcber &#8222;Reiki&#8220; <\/span>Lesen<\/a><\/p>\n","protected":false},"author":1,"featured_media":0,"parent":0,"menu_order":0,"comment_status":"closed","ping_status":"closed","template":"","meta":{"footnotes":""},"class_list":["post-6969","page","type-page","status-publish","hentry"],"featured_media_urls":[],"_links":{"self":[{"href":"https:\/\/lichterkraft-steffi.de\/index.php\/wp-json\/wp\/v2\/pages\/6969","targetHints":{"allow":["GET"]}}],"collection":[{"href":"https:\/\/lichterkraft-steffi.de\/index.php\/wp-json\/wp\/v2\/pages"}],"about":[{"href":"https:\/\/lichterkraft-steffi.de\/index.php\/wp-json\/wp\/v2\/types\/page"}],"author":[{"embeddable":true,"href":"https:\/\/lichterkraft-steffi.de\/index.php\/wp-json\/wp\/v2\/users\/1"}],"replies":[{"embeddable":true,"href":"https:\/\/lichterkraft-steffi.de\/index.php\/wp-json\/wp\/v2\/comments?post=6969"}],"version-history":[{"count":6,"href":"https:\/\/lichterkraft-steffi.de\/index.php\/wp-json\/wp\/v2\/pages\/6969\/revisions"}],"predecessor-version":[{"id":7166,"href":"https:\/\/lichterkraft-steffi.de\/index.php\/wp-json\/wp\/v2\/pages\/6969\/revisions\/7166"}],"wp:attachment":[{"href":"https:\/\/lichterkraft-steffi.de\/index.php\/wp-json\/wp\/v2\/media?parent=6969"}],"curies":[{"name":"wp","href":"https:\/\/api.w.org\/{rel}","templated":true}]}}