{"id":6967,"date":"2025-10-10T10:06:01","date_gmt":"2025-10-10T10:06:01","guid":{"rendered":"https:\/\/lichterkraft-steffi.de\/?page_id=6967"},"modified":"2025-10-12T19:02:46","modified_gmt":"2025-10-12T19:02:46","slug":"mentoring","status":"publish","type":"page","link":"https:\/\/lichterkraft-steffi.de\/index.php\/mentoring\/","title":{"rendered":"Mentoring"},"content":{"rendered":"\n<div class=\"wp-block-columns is-layout-flex wp-container-core-columns-is-layout-28f84493 wp-block-columns-is-layout-flex\">\n<div class=\"wp-block-column is-layout-flow wp-block-column-is-layout-flow\" style=\"flex-basis:100%\">\n<div class=\"wp-block-columns is-layout-flex wp-container-core-columns-is-layout-28f84493 wp-block-columns-is-layout-flex\">\n<div class=\"wp-block-column is-layout-flow wp-block-column-is-layout-flow\">\n<h2 class=\"wp-block-heading\">Raum f\u00fcr Heilung, Wachstum und Erinnerung<\/h2>\n\n\n\n<p>Manchmal ruft das Leben uns ganz leise \u2013 und manchmal so laut, dass wir nicht mehr wegh\u00f6ren k\u00f6nnen. Vielleicht stehst du gerade an einem Wendepunkt. Vielleicht sp\u00fcrst du, dass etwas Neues geboren werden m\u00f6chte. Oder du sehnst dich nach innerem Frieden, energetischer Klarheit und echter Verbindung \u2013 zu dir selbst, zu deiner Essenz, zu deiner Seele.<\/p>\n\n\n\n<p>Hier beginnt dein Weg.<\/p>\n\n\n\n<p>Auf dieser Seite findest du verschiedene M\u00f6glichkeiten, mit mir in die Tiefe zu gehen. Ob in einer pers\u00f6nlichen Begleitung \u00fcber 1, 3 oder 6 Monate oder in einer energetischen Ausbildung \u2013 du bist eingeladen, in deine Kraft zu kommen und dich daran zu erinnern, wer du wirklich bist.<\/p>\n\n\n\n<p>Mein Mentoring ist eine bewusste Reise zur\u00fcck zu dir selbst. Eine Einladung, Blockaden zu l\u00f6sen, Altes zu transformieren und dich in deiner Ganzheit zu erkennen. Erg\u00e4nzt wird diese Reise durch fundierte Ausbildungen in&nbsp;<strong>Reiki<\/strong>&nbsp;und&nbsp;<strong>energetischer Wirbels\u00e4ulenaufrichtung<\/strong>, mit denen du nicht nur dich selbst, sondern auch andere begleiten kannst.<\/p>\n\n\n\n<p>Ganz gleich, ob du dir tiefe pers\u00f6nliche Ver\u00e4nderung w\u00fcnschst oder deine F\u00e4higkeiten im energetischen Arbeiten erweitern m\u00f6chtest \u2013 du bist hier genau richtig.<\/p>\n\n\n\n<div class=\"wp-block-columns is-layout-flex wp-container-core-columns-is-layout-28f84493 wp-block-columns-is-layout-flex\">\n<div class=\"wp-block-column is-layout-flow wp-block-column-is-layout-flow\"><\/div>\n\n\n\n<div class=\"wp-block-column is-layout-flow wp-block-column-is-layout-flow\"><\/div>\n<\/div>\n<\/div>\n\n\n\n<div class=\"wp-block-column is-layout-flow wp-block-column-is-layout-flow\">\n<figure class=\"wp-block-image size-full\"><img loading=\"lazy\" decoding=\"async\" width=\"612\" height=\"459\" src=\"https:\/\/lichterkraft-steffi.de\/wp-content\/uploads\/2025\/10\/istockphoto-1822247032-612x612-3.jpg\" alt=\"\" class=\"wp-image-7051\" srcset=\"https:\/\/lichterkraft-steffi.de\/wp-content\/uploads\/2025\/10\/istockphoto-1822247032-612x612-3.jpg 612w, https:\/\/lichterkraft-steffi.de\/wp-content\/uploads\/2025\/10\/istockphoto-1822247032-612x612-3-300x225.jpg 300w\" sizes=\"auto, (max-width: 612px) 100vw, 612px\" \/><\/figure>\n<\/div>\n<\/div>\n<\/div>\n<\/div>\n\n\n\n<div class=\"wp-block-columns is-layout-flex wp-container-core-columns-is-layout-28f84493 wp-block-columns-is-layout-flex\">\n<div class=\"wp-block-column is-layout-flow wp-block-column-is-layout-flow\">\n<div class=\"wp-block-cover\" style=\"min-height:200px;aspect-ratio:unset;\"><img loading=\"lazy\" decoding=\"async\" width=\"1024\" height=\"683\" class=\"wp-block-cover__image-background wp-image-7053 size-large\" alt=\"\" src=\"https:\/\/lichterkraft-steffi.de\/wp-content\/uploads\/2025\/10\/pexels-castorlystock-3725709-1-1024x683.jpg\" data-object-fit=\"cover\" srcset=\"https:\/\/lichterkraft-steffi.de\/wp-content\/uploads\/2025\/10\/pexels-castorlystock-3725709-1-1024x683.jpg 1024w, https:\/\/lichterkraft-steffi.de\/wp-content\/uploads\/2025\/10\/pexels-castorlystock-3725709-1-300x200.jpg 300w, https:\/\/lichterkraft-steffi.de\/wp-content\/uploads\/2025\/10\/pexels-castorlystock-3725709-1-2000x1333.jpg 2000w, https:\/\/lichterkraft-steffi.de\/wp-content\/uploads\/2025\/10\/pexels-castorlystock-3725709-1-600x400.jpg 600w, https:\/\/lichterkraft-steffi.de\/wp-content\/uploads\/2025\/10\/pexels-castorlystock-3725709-1-1200x800.jpg 1200w\" sizes=\"auto, (max-width: 1024px) 100vw, 1024px\" \/><span aria-hidden=\"true\" class=\"wp-block-cover__background has-background-dim\" style=\"background-color:#6a6a61\"><\/span><div class=\"wp-block-cover__inner-container is-layout-flow wp-block-cover-is-layout-flow\">\n<div class=\"wp-block-buttons is-content-justification-center is-layout-flex wp-container-core-buttons-is-layout-a89b3969 wp-block-buttons-is-layout-flex\">\n<div class=\"wp-block-button is-style-outline is-style-outline--1\"><a class=\"wp-block-button__link wp-element-button\" href=\"https:\/\/lichterkraft-steffi.de\/index.php\/11-mentoring-deine-persoenliche-begleitung-fuer-1-monat\/\">1:1 Mentoring &#8211; deine pers\u00f6nliche Begleitung f\u00fcr 1 Monat<\/a><\/div>\n<\/div>\n<\/div><\/div>\n<\/div>\n\n\n\n<div class=\"wp-block-column is-layout-flow wp-block-column-is-layout-flow\">\n<div class=\"wp-block-cover is-light\" style=\"min-height:200px;aspect-ratio:unset;\"><img loading=\"lazy\" decoding=\"async\" width=\"1024\" height=\"683\" class=\"wp-block-cover__image-background wp-image-7038 size-large\" alt=\"\" src=\"https:\/\/lichterkraft-steffi.de\/wp-content\/uploads\/2025\/10\/pexels-monstera-3610752-1024x683.jpg\" data-object-fit=\"cover\" srcset=\"https:\/\/lichterkraft-steffi.de\/wp-content\/uploads\/2025\/10\/pexels-monstera-3610752-1024x683.jpg 1024w, https:\/\/lichterkraft-steffi.de\/wp-content\/uploads\/2025\/10\/pexels-monstera-3610752-300x200.jpg 300w, https:\/\/lichterkraft-steffi.de\/wp-content\/uploads\/2025\/10\/pexels-monstera-3610752-2000x1333.jpg 2000w\" sizes=\"auto, (max-width: 1024px) 100vw, 1024px\" \/><span aria-hidden=\"true\" class=\"wp-block-cover__background has-background-dim\" style=\"background-color:#ac8067\"><\/span><div class=\"wp-block-cover__inner-container is-layout-flow wp-block-cover-is-layout-flow\">\n<div class=\"wp-block-buttons is-content-justification-center is-layout-flex wp-container-core-buttons-is-layout-a89b3969 wp-block-buttons-is-layout-flex\">\n<div class=\"wp-block-button is-style-outline is-style-outline--2\"><a class=\"wp-block-button__link wp-element-button\" href=\"https:\/\/lichterkraft-steffi.de\/index.php\/11-mentoring-deine-persoenliche-begleitung-fuer-3-monate\/\">1:1 Mentoring &#8211; deine pers\u00f6nliche Begleitung f\u00fcr 3 Monate<\/a><\/div>\n<\/div>\n<\/div><\/div>\n\n\n\n<div class=\"wp-block-cover aligncenter is-light\" style=\"min-height:200px;aspect-ratio:unset;\"><img loading=\"lazy\" decoding=\"async\" width=\"1024\" height=\"683\" class=\"wp-block-cover__image-background wp-image-7035 size-large\" alt=\"\" src=\"https:\/\/lichterkraft-steffi.de\/wp-content\/uploads\/2025\/10\/pexels-lucaspezeta-2529375-1024x683.jpg\" data-object-fit=\"cover\" srcset=\"https:\/\/lichterkraft-steffi.de\/wp-content\/uploads\/2025\/10\/pexels-lucaspezeta-2529375-1024x683.jpg 1024w, https:\/\/lichterkraft-steffi.de\/wp-content\/uploads\/2025\/10\/pexels-lucaspezeta-2529375-300x200.jpg 300w, https:\/\/lichterkraft-steffi.de\/wp-content\/uploads\/2025\/10\/pexels-lucaspezeta-2529375-2000x1333.jpg 2000w\" sizes=\"auto, (max-width: 1024px) 100vw, 1024px\" \/><span aria-hidden=\"true\" class=\"wp-block-cover__background has-background-dim\" style=\"background-color:#8aa5a5\"><\/span><div class=\"wp-block-cover__inner-container is-layout-flow wp-block-cover-is-layout-flow\">\n<div class=\"wp-block-buttons is-content-justification-center is-layout-flex wp-container-core-buttons-is-layout-a89b3969 wp-block-buttons-is-layout-flex\">\n<div class=\"wp-block-button is-style-outline is-style-outline--3\"><a class=\"wp-block-button__link wp-element-button\" href=\"https:\/\/lichterkraft-steffi.de\/index.php\/ausbildungen\/\">Ausbildungen<\/a><\/div>\n<\/div>\n<\/div><\/div>\n<\/div>\n\n\n\n<div class=\"wp-block-column is-layout-flow wp-block-column-is-layout-flow\">\n<div class=\"wp-block-cover\" style=\"min-height:200px;aspect-ratio:unset;\"><img loading=\"lazy\" decoding=\"async\" width=\"1024\" height=\"683\" class=\"wp-block-cover__image-background wp-image-7026 size-large\" alt=\"\" src=\"https:\/\/lichterkraft-steffi.de\/wp-content\/uploads\/2025\/10\/pexels-errfaci-1573236-1024x683.jpg\" data-object-fit=\"cover\" srcset=\"https:\/\/lichterkraft-steffi.de\/wp-content\/uploads\/2025\/10\/pexels-errfaci-1573236-1024x683.jpg 1024w, https:\/\/lichterkraft-steffi.de\/wp-content\/uploads\/2025\/10\/pexels-errfaci-1573236-300x200.jpg 300w, https:\/\/lichterkraft-steffi.de\/wp-content\/uploads\/2025\/10\/pexels-errfaci-1573236-2000x1333.jpg 2000w\" sizes=\"auto, (max-width: 1024px) 100vw, 1024px\" \/><span aria-hidden=\"true\" class=\"wp-block-cover__background has-background-dim\" style=\"background-color:#72716f\"><\/span><div class=\"wp-block-cover__inner-container is-layout-flow wp-block-cover-is-layout-flow\">\n<div class=\"wp-block-buttons is-content-justification-center is-layout-flex wp-container-core-buttons-is-layout-a89b3969 wp-block-buttons-is-layout-flex\">\n<div class=\"wp-block-button is-style-outline is-style-outline--4\"><a class=\"wp-block-button__link wp-element-button\" href=\"https:\/\/lichterkraft-steffi.de\/index.php\/11-mentoring-deine-persoenliche-begleitung-fuer-6-monate\/\">1:1 Mentoring &#8211; deine pers\u00f6nliche Begleitung f\u00fcr 6 Monate<\/a><\/div>\n<\/div>\n<\/div><\/div>\n<\/div>\n<\/div>\n\n\n\n<div class=\"wp-block-buttons is-content-justification-center is-layout-flex wp-container-core-buttons-is-layout-a89b3969 wp-block-buttons-is-layout-flex\">\n<div class=\"wp-block-button\"><a class=\"wp-block-button__link wp-element-button\" href=\"https:\/\/lichterkraft-steffi.de\/index.php\/contact\/\">Jetzt anfragen<\/a><\/div>\n<\/div>\n\n\n\n<p><\/p>\n","protected":false},"excerpt":{"rendered":"<p>Raum f\u00fcr Heilung, Wachstum und Erinnerung Manchmal ruft das Leben uns ganz leise \u2013 und manchmal so laut, dass wir nicht mehr wegh\u00f6ren k\u00f6nnen. Vielleicht stehst du gerade an einem Wendepunkt. Vielleicht sp\u00fcrst du, dass etwas Neues geboren werden m\u00f6chte. Oder du sehnst dich nach innerem Frieden, energetischer Klarheit und echter Verbindung \u2013 zu dir &hellip; <\/p>\n<p class=\"link-more\"><a href=\"https:\/\/lichterkraft-steffi.de\/index.php\/mentoring\/\" class=\"more-link\">Mehr <span class=\"screen-reader-text\">\u00fcber &#8222;Mentoring&#8220; <\/span>Lesen<\/a><\/p>\n","protected":false},"author":1,"featured_media":0,"parent":0,"menu_order":0,"comment_status":"closed","ping_status":"closed","template":"","meta":{"footnotes":""},"class_list":["post-6967","page","type-page","status-publish","hentry"],"featured_media_urls":[],"_links":{"self":[{"href":"https:\/\/lichterkraft-steffi.de\/index.php\/wp-json\/wp\/v2\/pages\/6967","targetHints":{"allow":["GET"]}}],"collection":[{"href":"https:\/\/lichterkraft-steffi.de\/index.php\/wp-json\/wp\/v2\/pages"}],"about":[{"href":"https:\/\/lichterkraft-steffi.de\/index.php\/wp-json\/wp\/v2\/types\/page"}],"author":[{"embeddable":true,"href":"https:\/\/lichterkraft-steffi.de\/index.php\/wp-json\/wp\/v2\/users\/1"}],"replies":[{"embeddable":true,"href":"https:\/\/lichterkraft-steffi.de\/index.php\/wp-json\/wp\/v2\/comments?post=6967"}],"version-history":[{"count":5,"href":"https:\/\/lichterkraft-steffi.de\/index.php\/wp-json\/wp\/v2\/pages\/6967\/revisions"}],"predecessor-version":[{"id":7064,"href":"https:\/\/lichterkraft-steffi.de\/index.php\/wp-json\/wp\/v2\/pages\/6967\/revisions\/7064"}],"wp:attachment":[{"href":"https:\/\/lichterkraft-steffi.de\/index.php\/wp-json\/wp\/v2\/media?parent=6967"}],"curies":[{"name":"wp","href":"https:\/\/api.w.org\/{rel}","templated":true}]}}