{"id":628,"date":"2009-05-06T11:43:24","date_gmt":"2009-05-06T16:43:24","guid":{"rendered":"http:\/\/wpzoom.com\/zenko\/demo\/?page_id=3"},"modified":"2025-10-14T09:40:40","modified_gmt":"2025-10-14T09:40:40","slug":"contact","status":"publish","type":"page","link":"https:\/\/lichterkraft-steffi.de\/index.php\/contact\/","title":{"rendered":"Kontakt"},"content":{"rendered":"\n<div style=\"height:156px\" aria-hidden=\"true\" class=\"wp-block-spacer\"><\/div>\n\n\n\n<div class=\"wp-block-columns is-layout-flex wp-container-core-columns-is-layout-28f84493 wp-block-columns-is-layout-flex\">\n<div class=\"wp-block-column is-layout-flow wp-block-column-is-layout-flow\">\n<p><br>\u2728 <strong>Melde dich bei mir<\/strong><\/p>\n\n\n\n<p>Ich freue mich, von dir zu h\u00f6ren!<br>Egal, ob du Fragen zu den Ausbildungen hast, ein pers\u00f6nliches Gespr\u00e4ch w\u00fcnschst oder einfach sp\u00fcren m\u00f6chtest, ob der n\u00e4chste Schritt f\u00fcr dich jetzt richtig ist \u2013 schreibe mir gerne.<\/p>\n\n\n\n<p>Hier kannst du in einem gesch\u00fctzten Raum deine Anliegen teilen und die ersten Impulse f\u00fcr deinen Weg zu Licht, Aufrichtung und Bewusstsein erhalten.<br>Ich melde mich so schnell wie m\u00f6glich bei dir und begleite dich mit Achtsamkeit und Herz auf deinem Weg.<\/p>\n<\/div>\n\n\n\n<div class=\"wp-block-column is-layout-flow wp-block-column-is-layout-flow\">\n<h2 class=\"wp-block-heading\">Kontaktdaten<\/h2>\n\n\n\n<p><\/p>\n\n\n\n<h3 class=\"wp-block-heading\"><strong>Ad<\/strong>resse<\/h3>\n\n\n\n<p>Birkenstra\u00dfe 19<br>75331 Engelsbrand<\/p>\n\n\n\n<h3 class=\"wp-block-heading\"><strong>Email<\/strong><\/h3>\n\n\n\n<p>info@lichterkraft-steffi.de<\/p>\n\n\n\n<h3 class=\"wp-block-heading\"><strong>Telefon<\/strong><\/h3>\n\n\n\n<p>0176 99813759<\/p>\n<\/div>\n<\/div>\n\n\n\n<p><\/p>\n","protected":false},"excerpt":{"rendered":"<p>\u2728 Melde dich bei mir Ich freue mich, von dir zu h\u00f6ren!Egal, ob du Fragen zu den Ausbildungen hast, ein pers\u00f6nliches Gespr\u00e4ch w\u00fcnschst oder einfach sp\u00fcren m\u00f6chtest, ob der n\u00e4chste Schritt f\u00fcr dich jetzt richtig ist \u2013 schreibe mir gerne. Hier kannst du in einem gesch\u00fctzten Raum deine Anliegen teilen und die ersten Impulse f\u00fcr &hellip; <\/p>\n<p class=\"link-more\"><a href=\"https:\/\/lichterkraft-steffi.de\/index.php\/contact\/\" class=\"more-link\">Mehr <span class=\"screen-reader-text\">\u00fcber &#8222;Kontakt&#8220; <\/span>Lesen<\/a><\/p>\n","protected":false},"author":1,"featured_media":0,"parent":0,"menu_order":0,"comment_status":"closed","ping_status":"closed","template":"page-templates\/no-title.php","meta":{"footnotes":""},"class_list":["post-628","page","type-page","status-publish","hentry"],"featured_media_urls":[],"_links":{"self":[{"href":"https:\/\/lichterkraft-steffi.de\/index.php\/wp-json\/wp\/v2\/pages\/628","targetHints":{"allow":["GET"]}}],"collection":[{"href":"https:\/\/lichterkraft-steffi.de\/index.php\/wp-json\/wp\/v2\/pages"}],"about":[{"href":"https:\/\/lichterkraft-steffi.de\/index.php\/wp-json\/wp\/v2\/types\/page"}],"author":[{"embeddable":true,"href":"https:\/\/lichterkraft-steffi.de\/index.php\/wp-json\/wp\/v2\/users\/1"}],"replies":[{"embeddable":true,"href":"https:\/\/lichterkraft-steffi.de\/index.php\/wp-json\/wp\/v2\/comments?post=628"}],"version-history":[{"count":7,"href":"https:\/\/lichterkraft-steffi.de\/index.php\/wp-json\/wp\/v2\/pages\/628\/revisions"}],"predecessor-version":[{"id":7101,"href":"https:\/\/lichterkraft-steffi.de\/index.php\/wp-json\/wp\/v2\/pages\/628\/revisions\/7101"}],"wp:attachment":[{"href":"https:\/\/lichterkraft-steffi.de\/index.php\/wp-json\/wp\/v2\/media?parent=628"}],"curies":[{"name":"wp","href":"https:\/\/api.w.org\/{rel}","templated":true}]}}